{"id":263,"date":"2025-10-11T09:09:01","date_gmt":"2025-10-11T09:09:01","guid":{"rendered":"https:\/\/www.wossner.technology\/?page_id=263"},"modified":"2025-12-12T06:06:38","modified_gmt":"2025-12-12T06:06:38","slug":"data-protection","status":"publish","type":"page","link":"https:\/\/www.wossner.technology\/en_gb\/data-protection\/","title":{"rendered":"Data protection"},"content":{"rendered":"<style>.elementor-263 .elementor-element.elementor-element-3b42a38{--display:flex;--flex-direction:column;--container-widget-width:100%;--container-widget-height:initial;--container-widget-flex-grow:0;--container-widget-align-self:initial;--flex-wrap-mobile:wrap;box-shadow:0px 2px 20px 0px rgba(0, 0, 0, 0.25);--padding-top:016px;--padding-bottom:16px;--padding-left:30px;--padding-right:30px;--z-index:999;}.elementor-263 .elementor-element.elementor-element-3b42a38:not(.elementor-motion-effects-element-type-background), .elementor-263 .elementor-element.elementor-element-3b42a38 > .elementor-motion-effects-container > .elementor-motion-effects-layer{background-color:var( --e-global-color-accent );}.elementor-263 .elementor-element.elementor-element-8404610{--display:flex;--flex-direction:row;--container-widget-width:calc( ( 1 - var( --container-widget-flex-grow ) ) * 100% );--container-widget-height:100%;--container-widget-flex-grow:1;--container-widget-align-self:stretch;--flex-wrap-mobile:wrap;--justify-content:center;--align-items:center;--padding-top:0px;--padding-bottom:0px;--padding-left:0px;--padding-right:0px;}.elementor-263 .elementor-element.elementor-element-c8ce2ee{width:var( --container-widget-width, 98px );max-width:98px;--container-widget-width:98px;--container-widget-flex-grow:0;}.elementor-263 .elementor-element.elementor-element-c8ce2ee img{width:100px;}.elementor-263 .elementor-element.elementor-element-5d125cb{--display:flex;--flex-direction:column;--container-widget-width:100%;--container-widget-height:initial;--container-widget-flex-grow:0;--container-widget-align-self:initial;--flex-wrap-mobile:wrap;--padding-top:60px;--padding-bottom:60px;--padding-left:30px;--padding-right:30px;}.elementor-263 .elementor-element.elementor-element-6f7d39f .elementor-heading-title{font-family:var( --e-global-typography-text-font-family ), Sans-serif;font-size:var( --e-global-typography-text-font-size );font-weight:var( --e-global-typography-text-font-weight );line-height:var( --e-global-typography-text-line-height );letter-spacing:var( --e-global-typography-text-letter-spacing );color:var( --e-global-color-primary );}.elementor-263 .elementor-element.elementor-element-176d5e4{font-family:var( --e-global-typography-769fe8a-font-family ), Sans-serif;font-size:var( --e-global-typography-769fe8a-font-size );font-weight:var( --e-global-typography-769fe8a-font-weight );line-height:var( --e-global-typography-769fe8a-line-height );color:var( --e-global-color-primary );}.elementor-263 .elementor-element.elementor-element-176d5e4 a{color:var( --e-global-color-secondary );}@media(min-width:2400px){.elementor-263 .elementor-element.elementor-element-6f7d39f .elementor-heading-title{font-size:var( --e-global-typography-text-font-size );line-height:var( --e-global-typography-text-line-height );letter-spacing:var( --e-global-typography-text-letter-spacing );}.elementor-263 .elementor-element.elementor-element-176d5e4{font-size:var( --e-global-typography-769fe8a-font-size );line-height:var( --e-global-typography-769fe8a-line-height );}}@media(max-width:1366px){.elementor-263 .elementor-element.elementor-element-6f7d39f .elementor-heading-title{font-size:var( --e-global-typography-text-font-size );line-height:var( --e-global-typography-text-line-height );letter-spacing:var( --e-global-typography-text-letter-spacing );}.elementor-263 .elementor-element.elementor-element-176d5e4{font-size:var( --e-global-typography-769fe8a-font-size );line-height:var( --e-global-typography-769fe8a-line-height );}}@media(max-width:1200px){.elementor-263 .elementor-element.elementor-element-c8ce2ee img{width:80px;}}@media(max-width:1024px){.elementor-263 .elementor-element.elementor-element-6f7d39f .elementor-heading-title{font-size:var( --e-global-typography-text-font-size );line-height:var( --e-global-typography-text-line-height );letter-spacing:var( --e-global-typography-text-letter-spacing );}.elementor-263 .elementor-element.elementor-element-176d5e4{font-size:var( --e-global-typography-769fe8a-font-size );line-height:var( --e-global-typography-769fe8a-line-height );}}@media(max-width:767px){.elementor-263 .elementor-element.elementor-element-3b42a38{--padding-top:12px;--padding-bottom:12px;--padding-left:20px;--padding-right:20px;}.elementor-263 .elementor-element.elementor-element-c8ce2ee{text-align:center;}.elementor-263 .elementor-element.elementor-element-c8ce2ee img{width:70px;}.elementor-263 .elementor-element.elementor-element-5d125cb{--padding-top:40px;--padding-bottom:40px;--padding-left:20px;--padding-right:20px;}.elementor-263 .elementor-element.elementor-element-6f7d39f .elementor-heading-title{font-size:var( --e-global-typography-text-font-size );line-height:var( --e-global-typography-text-line-height );letter-spacing:var( --e-global-typography-text-letter-spacing );}.elementor-263 .elementor-element.elementor-element-176d5e4{font-size:var( --e-global-typography-769fe8a-font-size );line-height:var( --e-global-typography-769fe8a-line-height );}}<\/style>\t\t<div data-elementor-type=\"wp-page\" data-elementor-id=\"263\" class=\"elementor elementor-263\" data-elementor-post-type=\"page\">\n\t\t\t\t<div class=\"elementor-element elementor-element-3b42a38 e-flex e-con-boxed e-con e-parent\" data-id=\"3b42a38\" data-element_type=\"container\" data-settings=\"{&quot;background_background&quot;:&quot;classic&quot;}\">\n\t\t\t\t\t<div class=\"e-con-inner\">\n\t\t<div class=\"elementor-element elementor-element-8404610 e-flex e-con-boxed e-con e-child\" data-id=\"8404610\" data-element_type=\"container\">\n\t\t\t\t\t<div class=\"e-con-inner\">\n\t\t\t\t<div class=\"elementor-element elementor-element-c8ce2ee elementor-widget__width-initial elementor-widget elementor-widget-theme-site-logo elementor-widget-image\" data-id=\"c8ce2ee\" data-element_type=\"widget\" data-widget_type=\"theme-site-logo.default\">\n\t\t\t\t\t\t\t\t\t\t\t<a href=\"https:\/\/www.wossner.technology\/en_gb\">\n\t\t\t<img decoding=\"async\" width=\"98\" height=\"95\" src=\"https:\/\/www.wossner.technology\/wp-content\/uploads\/2025\/10\/Group-3422.svg\" class=\"attachment-full size-full wp-image-127\" alt=\"\" \/>\t\t\t\t<\/a>\n\t\t\t\t\t\t\t\t\t\t\t<\/div>\n\t\t\t\t\t<\/div>\n\t\t\t\t<\/div>\n\t\t\t\t\t<\/div>\n\t\t\t\t<\/div>\n\t\t<div class=\"elementor-element elementor-element-5d125cb e-flex e-con-boxed e-con e-parent\" data-id=\"5d125cb\" data-element_type=\"container\">\n\t\t\t\t\t<div class=\"e-con-inner\">\n\t\t\t\t<div class=\"elementor-element elementor-element-6f7d39f elementor-widget elementor-widget-heading\" data-id=\"6f7d39f\" data-element_type=\"widget\" data-widget_type=\"heading.default\">\n\t\t\t\t\t<h1 class=\"elementor-heading-title elementor-size-default\">Data protection<\/h1>\t\t\t\t<\/div>\n\t\t\t\t<div class=\"elementor-element elementor-element-176d5e4 elementor-widget elementor-widget-text-editor\" data-id=\"176d5e4\" data-element_type=\"widget\" data-widget_type=\"text-editor.default\">\n\t\t\t\t\t\t\t\t\t<div id=\"wrapper\" class=\"tck-wrapper\"><div class=\"inner tck-container\"><div id=\"maincontent\" class=\"maincontent noleft noright\"><div class=\"inner clearfix\"><div class=\"tck-article com-content-article item-page\"><div class=\"com-content-article__body tck-article-body\"><div class=\"background-content\"><p><strong>Duty to inform - Privacy policy<\/strong><\/p><p>The protection of your personal data is of particular concern to us. We therefore process your data exclusively on the basis of the statutory provisions (GDPR, TKG 2003). In this data protection information, we inform you about the most important aspects of data processing on our website.\u00a0<\/p><p><strong>Legal basis - contract fulfilment<\/strong><br \/>The data you provide is required to fulfil the contract or to carry out pre-contractual measures. Without this data, we cannot conclude the contract with you.<\/p><p><strong>Contact with us<br \/><\/strong>If you contact us using the form on the website or by e-mail, the data you provide will be stored by us for six months for the purpose of processing the enquiry and in the event of follow-up questions. We will not forward this data without your consent.<\/p><p><strong>Access data<\/strong><br \/>The website operator or site provider collects data about access to the site and stores it as \"server log files\u201c. The following data is logged in this way:<\/p><ul><li>Visited website<\/li><li>Time of access<\/li><li>Amount of data sent in bytes<\/li><li>Source\/reference from which you reached the page<\/li><li>Browser used<\/li><li>Operating system used<\/li><li>IP address used<\/li><\/ul><p>The data collected is only used for statistical analyses and to improve the website. However, the website operator reserves the right to check the server log files retrospectively if there are concrete indications of unlawful use.<\/p><p><strong><br \/>Legal basis - contract fulfilment<\/strong><br \/>In order to fulfil the contract, we process your personal data that falls under the following data categories:<\/p><ul><li>Name<\/li><li>Contact details (address, telephone number, e-mail address, etc.)<\/li><li>Bank details<\/li><li>VAT number<\/li><li>Order data<\/li><li>Service requests<\/li><\/ul><p><strong><br \/>Storage duration<br \/><\/strong>Your personal data will only be stored by us for as long as we reasonably deem necessary to fulfil your order and as permitted by applicable law. In any case, we store your personal data for as long as statutory retention obligations exist or limitation periods for potential legal claims have not yet expired.<\/p><p><strong><br \/>Processor<br \/><\/strong>For this data processing, we only use processors who are necessary for the fulfilment of the order or the legal obligations.<\/p><p><strong><br \/>Data transmission<\/strong><br \/>Your data will only be processed within the EU or EEA.<\/p><p><strong><br \/>Cookies<\/strong><br \/>Our website uses cookies. These are small text files that are stored on your end device with the help of the browser. They do not cause any harm.<\/p><p>We use cookies to make our website more user-friendly. Some cookies remain stored on your end device until you delete them. They enable us to recognise your browser on your next visit.<\/p><p><strong><br \/>Your rights<\/strong><br \/>In principle, you have the right to information, correction, deletion, restriction, data portability and objection. Please contact us for any of these.<\/p><p>If you believe that the processing of your data violates data protection law or that your data protection rights have been violated in any other way, you can lodge a complaint with the supervisory authority. In Austria, the data protection authority is the responsible party.<\/p><p><strong><br \/>Contact address<br \/><\/strong>Supervisory authority for compliance with data protection regulations in Austria:<\/p><p>Austrian Data Protection Authority<br \/>Telephone: <a href=\"http:\/\/+43 5523 20002 0\" data-wplink-url-error=\"true\">+43 5523 20002 0<\/a><br \/>Mail:\u00a0<a href=\"mailto:dsb@dsb.gv.at\">dsb@dsb.gv.at<\/a><br \/>Internet:\u00a0<a title=\"Link to the data protection authority\" href=\"http:\/\/www.dsb.gv.at\/\" target=\"_blank\" rel=\"noopener\">http:\/\/www.dsb.gv.at\/<\/a><\/p><p><strong>You can reach us using the following contact details:<br \/><\/strong><strong>WOSSNER Technology GmbH, <\/strong>Am Garnmarkt 13 \/ W35, 6840 G\u00f6tzis, Austria, +43 5523 20002 0, <a href=\"mailto:info@wossner.technology\">info@wossner.technology<\/a><\/p><\/div><\/div><\/div><\/div><\/div><\/div><\/div>\t\t\t\t\t\t\t\t<\/div>\n\t\t\t\t\t<\/div>\n\t\t\t\t<\/div>\n\t\t\t\t<\/div>","protected":false},"excerpt":{"rendered":"<p>Datenschutz Informationspflicht \u2013 Datenschutzerkl\u00e4rung Der Schutz Ihrer pers\u00f6nlichen Daten ist uns ein besonderes Anliegen. Wir verarbeiten Ihre Daten daher ausschlie\u00dflich auf Grundlage der gesetzlichen Bestimmungen (DSGVO, TKG 2003). In diesen Datenschutzinformationen informieren wir Sie \u00fcber die wichtigsten Aspekte der Datenverarbeitung im Rahmen unserer Website.\u00a0 Rechtsgrundlage Vertragserf\u00fcllungDie von Ihnen bereitgestellten Daten sind zur Vertragserf\u00fcllung bzw. zur [&hellip;]<\/p>","protected":false},"author":2,"featured_media":0,"parent":0,"menu_order":0,"comment_status":"closed","ping_status":"closed","template":"","meta":{"inline_featured_image":false,"footnotes":""},"class_list":["post-263","page","type-page","status-publish","hentry"],"yoast_head":"<!-- This site is optimized with the Yoast SEO plugin v26.7 - https:\/\/yoast.com\/wordpress\/plugins\/seo\/ -->\n<title>Datenschutz - My WordPress<\/title>\n<meta name=\"robots\" content=\"index, follow, max-snippet:-1, max-image-preview:large, max-video-preview:-1\" \/>\n<link rel=\"canonical\" href=\"https:\/\/www.wossner.technology\/en_gb\/data-protection\/\" \/>\n<meta property=\"og:locale\" content=\"en_GB\" \/>\n<meta property=\"og:type\" content=\"article\" \/>\n<meta property=\"og:title\" content=\"Datenschutz - My WordPress\" \/>\n<meta property=\"og:description\" content=\"Datenschutz Informationspflicht \u2013 Datenschutzerkl\u00e4rung Der Schutz Ihrer pers\u00f6nlichen Daten ist uns ein besonderes Anliegen. Wir verarbeiten Ihre Daten daher ausschlie\u00dflich auf Grundlage der gesetzlichen Bestimmungen (DSGVO, TKG 2003). In diesen Datenschutzinformationen informieren wir Sie \u00fcber die wichtigsten Aspekte der Datenverarbeitung im Rahmen unserer Website.\u00a0 Rechtsgrundlage Vertragserf\u00fcllungDie von Ihnen bereitgestellten Daten sind zur Vertragserf\u00fcllung bzw. zur [&hellip;]\" \/>\n<meta property=\"og:url\" content=\"https:\/\/www.wossner.technology\/en_gb\/data-protection\/\" \/>\n<meta property=\"og:site_name\" content=\"My WordPress\" \/>\n<meta property=\"article:modified_time\" content=\"2025-12-12T06:06:38+00:00\" \/>\n<meta name=\"twitter:card\" content=\"summary_large_image\" \/>\n<meta name=\"twitter:label1\" content=\"Estimated reading time\" \/>\n\t<meta name=\"twitter:data1\" content=\"3 minutes\" \/>\n<script type=\"application\/ld+json\" class=\"yoast-schema-graph\">{\"@context\":\"https:\/\/schema.org\",\"@graph\":[{\"@type\":\"WebPage\",\"@id\":\"https:\/\/www.wossner.technology\/datenschutz\/\",\"url\":\"https:\/\/www.wossner.technology\/datenschutz\/\",\"name\":\"Datenschutz - My WordPress\",\"isPartOf\":{\"@id\":\"https:\/\/www.wossner.technology\/#website\"},\"datePublished\":\"2025-10-11T09:09:01+00:00\",\"dateModified\":\"2025-12-12T06:06:38+00:00\",\"breadcrumb\":{\"@id\":\"https:\/\/www.wossner.technology\/datenschutz\/#breadcrumb\"},\"inLanguage\":\"en-GB\",\"potentialAction\":[{\"@type\":\"ReadAction\",\"target\":[\"https:\/\/www.wossner.technology\/datenschutz\/\"]}]},{\"@type\":\"BreadcrumbList\",\"@id\":\"https:\/\/www.wossner.technology\/datenschutz\/#breadcrumb\",\"itemListElement\":[{\"@type\":\"ListItem\",\"position\":1,\"name\":\"Home\",\"item\":\"https:\/\/www.wossner.technology\/\"},{\"@type\":\"ListItem\",\"position\":2,\"name\":\"Datenschutz\"}]},{\"@type\":\"WebSite\",\"@id\":\"https:\/\/www.wossner.technology\/#website\",\"url\":\"https:\/\/www.wossner.technology\/\",\"name\":\"My WordPress\",\"description\":\"\",\"publisher\":{\"@id\":\"https:\/\/www.wossner.technology\/#organization\"},\"potentialAction\":[{\"@type\":\"SearchAction\",\"target\":{\"@type\":\"EntryPoint\",\"urlTemplate\":\"https:\/\/www.wossner.technology\/?s={search_term_string}\"},\"query-input\":{\"@type\":\"PropertyValueSpecification\",\"valueRequired\":true,\"valueName\":\"search_term_string\"}}],\"inLanguage\":\"en-GB\"},{\"@type\":\"Organization\",\"@id\":\"https:\/\/www.wossner.technology\/#organization\",\"name\":\"My WordPress\",\"url\":\"https:\/\/www.wossner.technology\/\",\"logo\":{\"@type\":\"ImageObject\",\"inLanguage\":\"en-GB\",\"@id\":\"https:\/\/www.wossner.technology\/#\/schema\/logo\/image\/\",\"url\":\"https:\/\/www.wossner.technology\/wp-content\/uploads\/2025\/10\/Group-3422.svg\",\"contentUrl\":\"https:\/\/www.wossner.technology\/wp-content\/uploads\/2025\/10\/Group-3422.svg\",\"width\":98,\"height\":95,\"caption\":\"My WordPress\"},\"image\":{\"@id\":\"https:\/\/www.wossner.technology\/#\/schema\/logo\/image\/\"}}]}<\/script>\n<!-- \/ Yoast SEO plugin. -->","yoast_head_json":{"title":"Data protection - My WordPress","robots":{"index":"index","follow":"follow","max-snippet":"max-snippet:-1","max-image-preview":"max-image-preview:large","max-video-preview":"max-video-preview:-1"},"canonical":"https:\/\/www.wossner.technology\/en_gb\/data-protection\/","og_locale":"en_GB","og_type":"article","og_title":"Datenschutz - My WordPress","og_description":"Datenschutz Informationspflicht \u2013 Datenschutzerkl\u00e4rung Der Schutz Ihrer pers\u00f6nlichen Daten ist uns ein besonderes Anliegen. Wir verarbeiten Ihre Daten daher ausschlie\u00dflich auf Grundlage der gesetzlichen Bestimmungen (DSGVO, TKG 2003). In diesen Datenschutzinformationen informieren wir Sie \u00fcber die wichtigsten Aspekte der Datenverarbeitung im Rahmen unserer Website.\u00a0 Rechtsgrundlage Vertragserf\u00fcllungDie von Ihnen bereitgestellten Daten sind zur Vertragserf\u00fcllung bzw. zur [&hellip;]","og_url":"https:\/\/www.wossner.technology\/en_gb\/data-protection\/","og_site_name":"My WordPress","article_modified_time":"2025-12-12T06:06:38+00:00","twitter_card":"summary_large_image","twitter_misc":{"Estimated reading time":"3 minutes"},"schema":{"@context":"https:\/\/schema.org","@graph":[{"@type":"WebPage","@id":"https:\/\/www.wossner.technology\/datenschutz\/","url":"https:\/\/www.wossner.technology\/datenschutz\/","name":"Data protection - My WordPress","isPartOf":{"@id":"https:\/\/www.wossner.technology\/#website"},"datePublished":"2025-10-11T09:09:01+00:00","dateModified":"2025-12-12T06:06:38+00:00","breadcrumb":{"@id":"https:\/\/www.wossner.technology\/datenschutz\/#breadcrumb"},"inLanguage":"en-GB","potentialAction":[{"@type":"ReadAction","target":["https:\/\/www.wossner.technology\/datenschutz\/"]}]},{"@type":"BreadcrumbList","@id":"https:\/\/www.wossner.technology\/datenschutz\/#breadcrumb","itemListElement":[{"@type":"ListItem","position":1,"name":"Home","item":"https:\/\/www.wossner.technology\/"},{"@type":"ListItem","position":2,"name":"Datenschutz"}]},{"@type":"WebSite","@id":"https:\/\/www.wossner.technology\/#website","url":"https:\/\/www.wossner.technology\/","name":"My WordPress","description":"","publisher":{"@id":"https:\/\/www.wossner.technology\/#organization"},"potentialAction":[{"@type":"SearchAction","target":{"@type":"EntryPoint","urlTemplate":"https:\/\/www.wossner.technology\/?s={search_term_string}"},"query-input":{"@type":"PropertyValueSpecification","valueRequired":true,"valueName":"search_term_string"}}],"inLanguage":"en-GB"},{"@type":"Organization","@id":"https:\/\/www.wossner.technology\/#organization","name":"My WordPress","url":"https:\/\/www.wossner.technology\/","logo":{"@type":"ImageObject","inLanguage":"en-GB","@id":"https:\/\/www.wossner.technology\/#\/schema\/logo\/image\/","url":"https:\/\/www.wossner.technology\/wp-content\/uploads\/2025\/10\/Group-3422.svg","contentUrl":"https:\/\/www.wossner.technology\/wp-content\/uploads\/2025\/10\/Group-3422.svg","width":98,"height":95,"caption":"My WordPress"},"image":{"@id":"https:\/\/www.wossner.technology\/#\/schema\/logo\/image\/"}}]}},"_links":{"self":[{"href":"https:\/\/www.wossner.technology\/en_gb\/wp-json\/wp\/v2\/pages\/263","targetHints":{"allow":["GET"]}}],"collection":[{"href":"https:\/\/www.wossner.technology\/en_gb\/wp-json\/wp\/v2\/pages"}],"about":[{"href":"https:\/\/www.wossner.technology\/en_gb\/wp-json\/wp\/v2\/types\/page"}],"author":[{"embeddable":true,"href":"https:\/\/www.wossner.technology\/en_gb\/wp-json\/wp\/v2\/users\/2"}],"replies":[{"embeddable":true,"href":"https:\/\/www.wossner.technology\/en_gb\/wp-json\/wp\/v2\/comments?post=263"}],"version-history":[{"count":12,"href":"https:\/\/www.wossner.technology\/en_gb\/wp-json\/wp\/v2\/pages\/263\/revisions"}],"predecessor-version":[{"id":980,"href":"https:\/\/www.wossner.technology\/en_gb\/wp-json\/wp\/v2\/pages\/263\/revisions\/980"}],"wp:attachment":[{"href":"https:\/\/www.wossner.technology\/en_gb\/wp-json\/wp\/v2\/media?parent=263"}],"curies":[{"name":"wp","href":"https:\/\/api.w.org\/{rel}","templated":true}]}}