{"id":334,"date":"2025-10-12T14:17:51","date_gmt":"2025-10-12T14:17:51","guid":{"rendered":"https:\/\/www.wossner.technology\/?page_id=334"},"modified":"2025-12-11T16:30:54","modified_gmt":"2025-12-11T16:30:54","slug":"imprint","status":"publish","type":"page","link":"https:\/\/www.wossner.technology\/en_gb\/imprint\/","title":{"rendered":"Legal information"},"content":{"rendered":"<style>.elementor-334 .elementor-element.elementor-element-40ffe0b{--display:flex;--flex-direction:column;--container-widget-width:100%;--container-widget-height:initial;--container-widget-flex-grow:0;--container-widget-align-self:initial;--flex-wrap-mobile:wrap;box-shadow:0px 2px 20px 0px rgba(0, 0, 0, 0.25);--padding-top:016px;--padding-bottom:16px;--padding-left:30px;--padding-right:30px;--z-index:999;}.elementor-334 .elementor-element.elementor-element-40ffe0b:not(.elementor-motion-effects-element-type-background), .elementor-334 .elementor-element.elementor-element-40ffe0b > .elementor-motion-effects-container > .elementor-motion-effects-layer{background-color:var( --e-global-color-accent );}.elementor-334 .elementor-element.elementor-element-1ad04cc{--display:flex;--flex-direction:row;--container-widget-width:calc( ( 1 - var( --container-widget-flex-grow ) ) * 100% );--container-widget-height:100%;--container-widget-flex-grow:1;--container-widget-align-self:stretch;--flex-wrap-mobile:wrap;--justify-content:center;--align-items:center;--padding-top:0px;--padding-bottom:0px;--padding-left:0px;--padding-right:0px;}.elementor-334 .elementor-element.elementor-element-66518a7{width:var( --container-widget-width, 98px );max-width:98px;--container-widget-width:98px;--container-widget-flex-grow:0;}.elementor-334 .elementor-element.elementor-element-66518a7 img{width:100px;}.elementor-334 .elementor-element.elementor-element-0166714{--display:flex;--min-height:80vh;--flex-direction:column;--container-widget-width:100%;--container-widget-height:initial;--container-widget-flex-grow:0;--container-widget-align-self:initial;--flex-wrap-mobile:wrap;--padding-top:60px;--padding-bottom:60px;--padding-left:30px;--padding-right:30px;}.elementor-334 .elementor-element.elementor-element-26ed93c .elementor-heading-title{font-family:var( --e-global-typography-text-font-family ), Sans-serif;font-size:var( --e-global-typography-text-font-size );font-weight:var( --e-global-typography-text-font-weight );line-height:var( --e-global-typography-text-line-height );letter-spacing:var( --e-global-typography-text-letter-spacing );color:var( --e-global-color-primary );}.elementor-334 .elementor-element.elementor-element-151bba6{font-family:var( --e-global-typography-769fe8a-font-family ), Sans-serif;font-size:var( --e-global-typography-769fe8a-font-size );font-weight:var( --e-global-typography-769fe8a-font-weight );line-height:var( --e-global-typography-769fe8a-line-height );color:var( --e-global-color-primary );}.elementor-334 .elementor-element.elementor-element-151bba6 a{color:var( --e-global-color-secondary );}@media(min-width:2400px){.elementor-334 .elementor-element.elementor-element-26ed93c .elementor-heading-title{font-size:var( --e-global-typography-text-font-size );line-height:var( --e-global-typography-text-line-height );letter-spacing:var( --e-global-typography-text-letter-spacing );}.elementor-334 .elementor-element.elementor-element-151bba6{font-size:var( --e-global-typography-769fe8a-font-size );line-height:var( --e-global-typography-769fe8a-line-height );}}@media(max-width:1366px){.elementor-334 .elementor-element.elementor-element-26ed93c .elementor-heading-title{font-size:var( --e-global-typography-text-font-size );line-height:var( --e-global-typography-text-line-height );letter-spacing:var( --e-global-typography-text-letter-spacing );}.elementor-334 .elementor-element.elementor-element-151bba6{font-size:var( --e-global-typography-769fe8a-font-size );line-height:var( --e-global-typography-769fe8a-line-height );}}@media(max-width:1200px){.elementor-334 .elementor-element.elementor-element-66518a7 img{width:80px;}}@media(max-width:1024px){.elementor-334 .elementor-element.elementor-element-26ed93c .elementor-heading-title{font-size:var( --e-global-typography-text-font-size );line-height:var( --e-global-typography-text-line-height );letter-spacing:var( --e-global-typography-text-letter-spacing );}.elementor-334 .elementor-element.elementor-element-151bba6{font-size:var( --e-global-typography-769fe8a-font-size );line-height:var( --e-global-typography-769fe8a-line-height );}}@media(max-width:767px){.elementor-334 .elementor-element.elementor-element-40ffe0b{--padding-top:12px;--padding-bottom:12px;--padding-left:20px;--padding-right:20px;}.elementor-334 .elementor-element.elementor-element-66518a7{text-align:center;}.elementor-334 .elementor-element.elementor-element-66518a7 img{width:70px;}.elementor-334 .elementor-element.elementor-element-0166714{--padding-top:40px;--padding-bottom:40px;--padding-left:20px;--padding-right:20px;}.elementor-334 .elementor-element.elementor-element-26ed93c .elementor-heading-title{font-size:var( --e-global-typography-text-font-size );line-height:var( --e-global-typography-text-line-height );letter-spacing:var( --e-global-typography-text-letter-spacing );}.elementor-334 .elementor-element.elementor-element-151bba6{font-size:var( --e-global-typography-769fe8a-font-size );line-height:var( --e-global-typography-769fe8a-line-height );}}<\/style>\t\t<div data-elementor-type=\"wp-page\" data-elementor-id=\"334\" class=\"elementor elementor-334\" data-elementor-post-type=\"page\">\n\t\t\t\t<div class=\"elementor-element elementor-element-40ffe0b e-flex e-con-boxed e-con e-parent\" data-id=\"40ffe0b\" data-element_type=\"container\" data-settings=\"{&quot;background_background&quot;:&quot;classic&quot;}\">\n\t\t\t\t\t<div class=\"e-con-inner\">\n\t\t<div class=\"elementor-element elementor-element-1ad04cc e-flex e-con-boxed e-con e-child\" data-id=\"1ad04cc\" data-element_type=\"container\">\n\t\t\t\t\t<div class=\"e-con-inner\">\n\t\t\t\t<div class=\"elementor-element elementor-element-66518a7 elementor-widget__width-initial elementor-widget elementor-widget-theme-site-logo elementor-widget-image\" data-id=\"66518a7\" data-element_type=\"widget\" data-widget_type=\"theme-site-logo.default\">\n\t\t\t\t\t\t\t\t\t\t\t<a href=\"https:\/\/www.wossner.technology\/en_gb\">\n\t\t\t<img decoding=\"async\" width=\"98\" height=\"95\" src=\"https:\/\/www.wossner.technology\/wp-content\/uploads\/2025\/10\/Group-3422.svg\" class=\"attachment-full size-full wp-image-127\" alt=\"\" \/>\t\t\t\t<\/a>\n\t\t\t\t\t\t\t\t\t\t\t<\/div>\n\t\t\t\t\t<\/div>\n\t\t\t\t<\/div>\n\t\t\t\t\t<\/div>\n\t\t\t\t<\/div>\n\t\t<div class=\"elementor-element elementor-element-0166714 e-flex e-con-boxed e-con e-parent\" data-id=\"0166714\" data-element_type=\"container\">\n\t\t\t\t\t<div class=\"e-con-inner\">\n\t\t\t\t<div class=\"elementor-element elementor-element-26ed93c elementor-widget elementor-widget-heading\" data-id=\"26ed93c\" data-element_type=\"widget\" data-widget_type=\"heading.default\">\n\t\t\t\t\t<h1 class=\"elementor-heading-title elementor-size-default\">Legal information<\/h1>\t\t\t\t<\/div>\n\t\t\t\t<div class=\"elementor-element elementor-element-151bba6 elementor-widget elementor-widget-text-editor\" data-id=\"151bba6\" data-element_type=\"widget\" data-widget_type=\"text-editor.default\">\n\t\t\t\t\t\t\t\t\t<div class=\"wf-columns wf-columns-stack-medium wf-columns-layout-auto\" data-wf-columns=\"1\"><div class=\"wf-column\"><p><strong>W\u00d6SSNER Technology GmbH<br \/><\/strong>Am Garnmarkt 13 \/ W35<br aria-hidden=\"true\" \/>6840 G\u00f6tzis, Austria <a class=\"c-link\" href=\"tel:+435523200020\" target=\"_blank\" rel=\"noopener noreferrer\" data-stringify-link=\"tel:+435523200020\" data-sk=\"tooltip_parent\" aria-describedby=\"sk-tooltip-18823\">+43 5523 20002 0<\/a><br aria-hidden=\"true\" \/>info@wossner.technology<br aria-hidden=\"true\" \/>Managing Director: Dr Christian Bechter<\/p><\/div><div class=\"wf-column\"><p><strong>Company register number:<\/strong>\u00a0648469g<br \/><strong>Legal form:<\/strong>\u00a0Limited liability company<\/p><p><strong>Business lines:<\/strong> Development, production and sales of high-performance components for combustion engines<\/p><\/div><\/div><div class=\"wf-columns wf-columns-stack-medium wf-columns-layout-auto\" data-wf-columns=\"1\"><div class=\"wf-column\"><p>This website was conceived, designed and developed by the website agency\u00a0<a class=\"c-link\" href=\"http:\/\/landeseiten.de\/\" target=\"_blank\" rel=\"noopener noreferrer\" data-stringify-link=\"http:\/\/Landeseiten.de\" data-sk=\"tooltip_parent\">Landeseiten.de<\/a><\/p><\/div><\/div>\t\t\t\t\t\t\t\t<\/div>\n\t\t\t\t\t<\/div>\n\t\t\t\t<\/div>\n\t\t\t\t<\/div>","protected":false},"excerpt":{"rendered":"<p>Imprint W\u00d6SSNER Technology GmbHAm Garnmarkt 13 \/ W356840 G\u00f6tzis, Austria +43 5523 20002 0info@wossner.technologyGesch\u00e4ftsf\u00fchrer: Dr Christian Bechter Company register number: 648469g Legal form: Limited liability company Business activities: Development, production and distribution of high-performance components for combustion engines This website was conceived, designed and developed by the website agency Landeseiten.de<\/p>","protected":false},"author":2,"featured_media":0,"parent":0,"menu_order":0,"comment_status":"closed","ping_status":"closed","template":"","meta":{"inline_featured_image":false,"footnotes":""},"class_list":["post-334","page","type-page","status-publish","hentry"],"yoast_head":"<!-- This site is optimized with the Yoast SEO plugin v26.7 - https:\/\/yoast.com\/wordpress\/plugins\/seo\/ -->\n<title>Impressum - My WordPress<\/title>\n<meta name=\"robots\" content=\"index, follow, max-snippet:-1, max-image-preview:large, max-video-preview:-1\" \/>\n<link rel=\"canonical\" href=\"https:\/\/www.wossner.technology\/en_gb\/imprint\/\" \/>\n<meta property=\"og:locale\" content=\"en_GB\" \/>\n<meta property=\"og:type\" content=\"article\" \/>\n<meta property=\"og:title\" content=\"Impressum - My WordPress\" \/>\n<meta property=\"og:description\" content=\"Impressum W\u00d6SSNER Technology GmbHAm Garnmarkt 13 \/ W356840 G\u00f6tzis, Austria +43 5523 20002 0info@wossner.technologyGesch\u00e4ftsf\u00fchrer: Dr. Christian Bechter Firmenbuchnummer:\u00a0648469gRechtsform:\u00a0Gesellschaft mit beschr\u00e4nkter Haftung Gesch\u00e4ftszweige: Entwicklung, Produktion und Vertrieb von Hochleistungsbauteilen f\u00fcr Verbrennungsmotoren Diese Website wurde konzipiert, designt und entwickelt von der Website-Agentur\u00a0Landeseiten.de\" \/>\n<meta property=\"og:url\" content=\"https:\/\/www.wossner.technology\/en_gb\/imprint\/\" \/>\n<meta property=\"og:site_name\" content=\"My WordPress\" \/>\n<meta property=\"article:modified_time\" content=\"2025-12-11T16:30:54+00:00\" \/>\n<meta name=\"twitter:card\" content=\"summary_large_image\" \/>\n<meta name=\"twitter:label1\" content=\"Estimated reading time\" \/>\n\t<meta name=\"twitter:data1\" content=\"1 minute\" \/>\n<script type=\"application\/ld+json\" class=\"yoast-schema-graph\">{\"@context\":\"https:\/\/schema.org\",\"@graph\":[{\"@type\":\"WebPage\",\"@id\":\"https:\/\/www.wossner.technology\/impressum\/\",\"url\":\"https:\/\/www.wossner.technology\/impressum\/\",\"name\":\"Impressum - My WordPress\",\"isPartOf\":{\"@id\":\"https:\/\/www.wossner.technology\/#website\"},\"datePublished\":\"2025-10-12T14:17:51+00:00\",\"dateModified\":\"2025-12-11T16:30:54+00:00\",\"breadcrumb\":{\"@id\":\"https:\/\/www.wossner.technology\/impressum\/#breadcrumb\"},\"inLanguage\":\"en-GB\",\"potentialAction\":[{\"@type\":\"ReadAction\",\"target\":[\"https:\/\/www.wossner.technology\/impressum\/\"]}]},{\"@type\":\"BreadcrumbList\",\"@id\":\"https:\/\/www.wossner.technology\/impressum\/#breadcrumb\",\"itemListElement\":[{\"@type\":\"ListItem\",\"position\":1,\"name\":\"Home\",\"item\":\"https:\/\/www.wossner.technology\/\"},{\"@type\":\"ListItem\",\"position\":2,\"name\":\"Impressum\"}]},{\"@type\":\"WebSite\",\"@id\":\"https:\/\/www.wossner.technology\/#website\",\"url\":\"https:\/\/www.wossner.technology\/\",\"name\":\"My WordPress\",\"description\":\"\",\"publisher\":{\"@id\":\"https:\/\/www.wossner.technology\/#organization\"},\"potentialAction\":[{\"@type\":\"SearchAction\",\"target\":{\"@type\":\"EntryPoint\",\"urlTemplate\":\"https:\/\/www.wossner.technology\/?s={search_term_string}\"},\"query-input\":{\"@type\":\"PropertyValueSpecification\",\"valueRequired\":true,\"valueName\":\"search_term_string\"}}],\"inLanguage\":\"en-GB\"},{\"@type\":\"Organization\",\"@id\":\"https:\/\/www.wossner.technology\/#organization\",\"name\":\"My WordPress\",\"url\":\"https:\/\/www.wossner.technology\/\",\"logo\":{\"@type\":\"ImageObject\",\"inLanguage\":\"en-GB\",\"@id\":\"https:\/\/www.wossner.technology\/#\/schema\/logo\/image\/\",\"url\":\"https:\/\/www.wossner.technology\/wp-content\/uploads\/2025\/10\/Group-3422.svg\",\"contentUrl\":\"https:\/\/www.wossner.technology\/wp-content\/uploads\/2025\/10\/Group-3422.svg\",\"width\":98,\"height\":95,\"caption\":\"My WordPress\"},\"image\":{\"@id\":\"https:\/\/www.wossner.technology\/#\/schema\/logo\/image\/\"}}]}<\/script>\n<!-- \/ Yoast SEO plugin. -->","yoast_head_json":{"title":"Imprint - My WordPress","robots":{"index":"index","follow":"follow","max-snippet":"max-snippet:-1","max-image-preview":"max-image-preview:large","max-video-preview":"max-video-preview:-1"},"canonical":"https:\/\/www.wossner.technology\/en_gb\/imprint\/","og_locale":"en_GB","og_type":"article","og_title":"Impressum - My WordPress","og_description":"Impressum W\u00d6SSNER Technology GmbHAm Garnmarkt 13 \/ W356840 G\u00f6tzis, Austria +43 5523 20002 0info@wossner.technologyGesch\u00e4ftsf\u00fchrer: Dr. Christian Bechter Firmenbuchnummer:\u00a0648469gRechtsform:\u00a0Gesellschaft mit beschr\u00e4nkter Haftung Gesch\u00e4ftszweige: Entwicklung, Produktion und Vertrieb von Hochleistungsbauteilen f\u00fcr Verbrennungsmotoren Diese Website wurde konzipiert, designt und entwickelt von der Website-Agentur\u00a0Landeseiten.de","og_url":"https:\/\/www.wossner.technology\/en_gb\/imprint\/","og_site_name":"My WordPress","article_modified_time":"2025-12-11T16:30:54+00:00","twitter_card":"summary_large_image","twitter_misc":{"Estimated reading time":"1 minute"},"schema":{"@context":"https:\/\/schema.org","@graph":[{"@type":"WebPage","@id":"https:\/\/www.wossner.technology\/impressum\/","url":"https:\/\/www.wossner.technology\/impressum\/","name":"Imprint - My WordPress","isPartOf":{"@id":"https:\/\/www.wossner.technology\/#website"},"datePublished":"2025-10-12T14:17:51+00:00","dateModified":"2025-12-11T16:30:54+00:00","breadcrumb":{"@id":"https:\/\/www.wossner.technology\/impressum\/#breadcrumb"},"inLanguage":"en-GB","potentialAction":[{"@type":"ReadAction","target":["https:\/\/www.wossner.technology\/impressum\/"]}]},{"@type":"BreadcrumbList","@id":"https:\/\/www.wossner.technology\/impressum\/#breadcrumb","itemListElement":[{"@type":"ListItem","position":1,"name":"Home","item":"https:\/\/www.wossner.technology\/"},{"@type":"ListItem","position":2,"name":"Impressum"}]},{"@type":"WebSite","@id":"https:\/\/www.wossner.technology\/#website","url":"https:\/\/www.wossner.technology\/","name":"My WordPress","description":"","publisher":{"@id":"https:\/\/www.wossner.technology\/#organization"},"potentialAction":[{"@type":"SearchAction","target":{"@type":"EntryPoint","urlTemplate":"https:\/\/www.wossner.technology\/?s={search_term_string}"},"query-input":{"@type":"PropertyValueSpecification","valueRequired":true,"valueName":"search_term_string"}}],"inLanguage":"en-GB"},{"@type":"Organization","@id":"https:\/\/www.wossner.technology\/#organization","name":"My WordPress","url":"https:\/\/www.wossner.technology\/","logo":{"@type":"ImageObject","inLanguage":"en-GB","@id":"https:\/\/www.wossner.technology\/#\/schema\/logo\/image\/","url":"https:\/\/www.wossner.technology\/wp-content\/uploads\/2025\/10\/Group-3422.svg","contentUrl":"https:\/\/www.wossner.technology\/wp-content\/uploads\/2025\/10\/Group-3422.svg","width":98,"height":95,"caption":"My WordPress"},"image":{"@id":"https:\/\/www.wossner.technology\/#\/schema\/logo\/image\/"}}]}},"_links":{"self":[{"href":"https:\/\/www.wossner.technology\/en_gb\/wp-json\/wp\/v2\/pages\/334","targetHints":{"allow":["GET"]}}],"collection":[{"href":"https:\/\/www.wossner.technology\/en_gb\/wp-json\/wp\/v2\/pages"}],"about":[{"href":"https:\/\/www.wossner.technology\/en_gb\/wp-json\/wp\/v2\/types\/page"}],"author":[{"embeddable":true,"href":"https:\/\/www.wossner.technology\/en_gb\/wp-json\/wp\/v2\/users\/2"}],"replies":[{"embeddable":true,"href":"https:\/\/www.wossner.technology\/en_gb\/wp-json\/wp\/v2\/comments?post=334"}],"version-history":[{"count":6,"href":"https:\/\/www.wossner.technology\/en_gb\/wp-json\/wp\/v2\/pages\/334\/revisions"}],"predecessor-version":[{"id":967,"href":"https:\/\/www.wossner.technology\/en_gb\/wp-json\/wp\/v2\/pages\/334\/revisions\/967"}],"wp:attachment":[{"href":"https:\/\/www.wossner.technology\/en_gb\/wp-json\/wp\/v2\/media?parent=334"}],"curies":[{"name":"wp","href":"https:\/\/api.w.org\/{rel}","templated":true}]}}